{"id":14891,"date":"2020-12-16T21:19:45","date_gmt":"2020-12-16T20:19:45","guid":{"rendered":"http:\/\/enricomaciasloriental.fr\/WordPress\/?page_id=14891"},"modified":"2020-12-17T21:29:09","modified_gmt":"2020-12-17T20:29:09","slug":"carriere","status":"publish","type":"page","link":"https:\/\/enricomaciasloriental.fr\/WordPress\/carriere\/","title":{"rendered":"Carri\u00e8re"},"content":{"rendered":"\t\t<div data-elementor-type=\"wp-page\" data-elementor-id=\"14891\" class=\"elementor elementor-14891\">\n\t\t\t\t\t\t<section class=\"elementor-section elementor-top-section elementor-element elementor-element-68d1a1f elementor-section-boxed elementor-section-height-default elementor-section-height-default rael-particle-no\" data-id=\"68d1a1f\" data-element_type=\"section\" data-e-type=\"section\" id=\"gastonghrenassia_enricomacias\" data-settings=\"{&quot;rae_animations_entrance&quot;:&quot;none&quot;}\">\n\t\t\t\t\t\t<div class=\"elementor-container elementor-column-gap-default\">\n\t\t\t\t\t<div class=\"elementor-column elementor-col-100 elementor-top-column elementor-element elementor-element-3895906 rael-particle-no\" data-id=\"3895906\" data-element_type=\"column\" data-e-type=\"column\">\n\t\t\t<div class=\"elementor-widget-wrap elementor-element-populated\">\n\t\t\t\t\t\t<div class=\"elementor-element elementor-element-7da4345 elementor-widget elementor-widget-heading\" data-id=\"7da4345\" data-element_type=\"widget\" data-e-type=\"widget\" data-widget_type=\"heading.default\">\n\t\t\t\t<div class=\"elementor-widget-container\">\n\t\t\t\t\t<h1 class=\"elementor-heading-title elementor-size-default\">De Gaston Ghrenassia \u00e0 Enrico Macias<\/h1>\t\t\t\t<\/div>\n\t\t\t\t<\/div>\n\t\t\t\t\t<\/div>\n\t\t<\/div>\n\t\t\t\t\t<\/div>\n\t\t<\/section>\n\t\t\t\t<section class=\"elementor-section elementor-top-section elementor-element elementor-element-514604d elementor-section-boxed elementor-section-height-default elementor-section-height-default rael-particle-no\" data-id=\"514604d\" data-element_type=\"section\" data-e-type=\"section\" data-settings=\"{&quot;rae_animations_entrance&quot;:&quot;none&quot;}\">\n\t\t\t\t\t\t<div class=\"elementor-container elementor-column-gap-default\">\n\t\t\t\t\t<div class=\"elementor-column elementor-col-100 elementor-top-column elementor-element elementor-element-2c7babe rael-particle-no\" data-id=\"2c7babe\" data-element_type=\"column\" data-e-type=\"column\">\n\t\t\t<div class=\"elementor-widget-wrap elementor-element-populated\">\n\t\t\t\t\t\t<div class=\"elementor-element elementor-element-ccdae36 elementor-widget elementor-widget-video\" data-id=\"ccdae36\" data-element_type=\"widget\" data-e-type=\"widget\" data-settings=\"{&quot;youtube_url&quot;:&quot;https:\\\/\\\/youtu.be\\\/3LF0cZB1dtI&quot;,&quot;video_type&quot;:&quot;youtube&quot;,&quot;controls&quot;:&quot;yes&quot;}\" data-widget_type=\"video.default\">\n\t\t\t\t<div class=\"elementor-widget-container\">\n\t\t\t\t\t\t\t<div class=\"elementor-wrapper elementor-open-inline\">\n\t\t\t<div class=\"elementor-video\"><\/div>\t\t<\/div>\n\t\t\t\t\t\t<\/div>\n\t\t\t\t<\/div>\n\t\t\t\t<section class=\"elementor-section elementor-inner-section elementor-element elementor-element-b190eea elementor-section-boxed elementor-section-height-default elementor-section-height-default rael-particle-no\" data-id=\"b190eea\" data-element_type=\"section\" data-e-type=\"section\" data-settings=\"{&quot;rae_animations_entrance&quot;:&quot;none&quot;}\">\n\t\t\t\t\t\t<div class=\"elementor-container elementor-column-gap-default\">\n\t\t\t\t\t<div class=\"elementor-column elementor-col-100 elementor-inner-column elementor-element elementor-element-c15b4c3 rael-particle-no\" data-id=\"c15b4c3\" data-element_type=\"column\" data-e-type=\"column\">\n\t\t\t<div class=\"elementor-widget-wrap elementor-element-populated\">\n\t\t\t\t\t\t<div class=\"elementor-element elementor-element-3b08132 elementor-widget elementor-widget-text-editor\" data-id=\"3b08132\" data-element_type=\"widget\" data-e-type=\"widget\" data-widget_type=\"text-editor.default\">\n\t\t\t\t<div class=\"elementor-widget-container\">\n\t\t\t\t\t\t\t\t\t<p style=\"text-align: center;\">Extrait de l&rsquo;\u00e9mission \u00ab\u00a05 colonnes \u00e0 la une\u00a0\u00bb &#8211; ORTF 1962<\/p>\t\t\t\t\t\t\t\t<\/div>\n\t\t\t\t<\/div>\n\t\t\t\t\t<\/div>\n\t\t<\/div>\n\t\t\t\t\t<\/div>\n\t\t<\/section>\n\t\t\t\t\t<\/div>\n\t\t<\/div>\n\t\t\t\t\t<\/div>\n\t\t<\/section>\n\t\t\t\t<section class=\"elementor-section elementor-top-section elementor-element elementor-element-5f8d609 elementor-section-boxed elementor-section-height-default elementor-section-height-default rael-particle-no\" data-id=\"5f8d609\" data-element_type=\"section\" data-e-type=\"section\" data-settings=\"{&quot;rae_animations_entrance&quot;:&quot;none&quot;}\">\n\t\t\t\t\t\t<div class=\"elementor-container elementor-column-gap-default\">\n\t\t\t\t\t<div class=\"elementor-column elementor-col-100 elementor-top-column elementor-element elementor-element-5b70d2e rael-particle-no\" data-id=\"5b70d2e\" data-element_type=\"column\" data-e-type=\"column\">\n\t\t\t<div class=\"elementor-widget-wrap elementor-element-populated\">\n\t\t\t\t\t\t<div class=\"elementor-element elementor-element-d8f82bb elementor-widget elementor-widget-text-editor\" data-id=\"d8f82bb\" data-element_type=\"widget\" data-e-type=\"widget\" data-widget_type=\"text-editor.default\">\n\t\t\t\t<div class=\"elementor-widget-container\">\n\t\t\t\t\t\t\t\t\t<p>Le papa du jeune Gaston voulait, avant tout,\u00a0que son fils fasse des \u00e9tudes\u00a0pour devenir fonctionnaire. Mais la destin\u00e9e du jeune homme \u00e9tait toute autre. <br \/>L&rsquo;entourage dans lequel il grandissait, ses amis, les circonstances d&rsquo;alors, tout le poussait sur la voie artistique.\u00a0<\/p><p>A seize ans,\u00a0Sylvain, le papa, et \u00ab\u00a0tonton Raymond\u00a0\u00bb d\u00e9cident d&rsquo;\u00e9diter le premier disque de Gaston et le choix est port\u00e9 sur une chanson qu&rsquo;il a compos\u00e9e sur sa guitare et dont les paroles ont \u00e9t\u00e9 \u00e9crites par son ami Lucien HALIMI. Cette chanson, \u00ab\u00a0Par ton premier baiser\u00a0\u00bb, l&rsquo;avait d\u00e9j\u00e0 rendu c\u00e9l\u00e8bre \u00e0 Constantine au cours d&rsquo;un radio crochet qu&rsquo;il avait brillamment remport\u00e9.<\/p><p>Entre la rigueur de l&rsquo;enseignement de Raymond, ses escapades parmi les gitans, son premier voyage \u00e0\u00a0Paris et la rencontre\u00a0avec Mr Gilbert AOUIZERATE qui lui procura sa premi\u00e8re guitare en France, Gaston ne pouvait qu&rsquo;\u00eatre\u00a0musicien et artiste.<\/p><p><br \/>Apr\u00e8s\u00a0l&rsquo;assassinat de Raymond et l&rsquo;installation en France, il cherche vainement \u00e0 exploiter son exp\u00e9rience d&rsquo;instituteur en frappant \u00e0 la porte de l&rsquo;\u00e9ducation nationale. Cette derni\u00e8re ne lui proposera un poste qu&rsquo;apr\u00e8s que la c\u00e9l\u00e9brit\u00e9 l&rsquo;ait propuls\u00e9 au-del\u00e0 des fronti\u00e8res de la m\u00e9tropole. Il tente aussi de vivre du malouf tout en d\u00e9crochant des petits contrats dans des cabarets. Mais Mr Ahmed HACHELAF le dissuade de continuer sur cette voie, lui expliquant que dans le contexte de l&rsquo;\u00e9poque et la vogue du \u00ab\u00a0Y\u00e9y\u00e9\u00a0\u00bb,\u00a0il ne peut esp\u00e9rer faire carri\u00e8re dans ce style. Se profile alors pour Gaston une p\u00e9riode tr\u00e8s difficile, jusqu&rsquo;\u00e0 ce qu&rsquo; Igor BARRERE l&rsquo;appelle pour lui proposer de chanter dans une \u00e9mission consacr\u00e9e aux pieds noirs. \u00ab\u00a0Cinq colonnes \u00e0 la une\u00a0\u00bb diffus\u00e9e sur les ondes de l&rsquo;ORTF le 5 octobre 1962 est le d\u00e9clencheur de la notori\u00e9t\u00e9 du tout jeune Enrico Macias.\u00a0\u00bbAdieu mon pays\u00a0\u00bb qu&rsquo;il a chant\u00e9 lors de cette \u00e9mission et qui venait d&rsquo;\u00eatre \u00e9dit\u00e9e chez Path\u00e9 Marconi, est devenu LE grand tube que l&rsquo;on sait gr\u00e2ce \u00e0 Vic TALAR qui prend la d\u00e9cision de la diffuser \u00e0 grande \u00e9chelle dans tous les juke-boxes des bars et caf\u00e9s.<\/p><p>A partir de l\u00e0, Gaston devient chanteur de vari\u00e9t\u00e9s, travaille sur l&rsquo;\u00e9criture de ses chansons et d\u00e9croche ses premiers contrats sur sc\u00e8ne. Sa vraie carri\u00e8re d\u00e9colle vraisemblablement le jour o\u00f9 il est contact\u00e9 par Pascal Ren\u00e9 BLANC et Jacques DEMARNY qui viennent lui proposer une chanson \u00ab\u00a0pr\u00e9monitoire\u00a0\u00bb, \u00ab\u00a0Enfants de tous pays\u00a0\u00bb. <br \/>En 1963, date de sa sortie chez les disquaires, cette chanson devient vite un \u00e9norme succ\u00e8s et tr\u00e8s rapidement, Gaston\u00a0qui est devenu Enrico, est programm\u00e9\u00a0\u00e0 l&rsquo;Olympia en premi\u00e8re partie des \u00ab\u00a0Compagnons de la chanson\u00a0\u00bb pour son premier r\u00e9cital officiel en France.<\/p><p>La vedette vient de na\u00eetre !!!!!!!<\/p>\t\t\t\t\t\t\t\t<\/div>\n\t\t\t\t<\/div>\n\t\t\t\t\t<\/div>\n\t\t<\/div>\n\t\t\t\t\t<\/div>\n\t\t<\/section>\n\t\t\t\t<section class=\"elementor-section elementor-top-section elementor-element elementor-element-e6b40b2 elementor-section-boxed elementor-section-height-default elementor-section-height-default rael-particle-no\" data-id=\"e6b40b2\" data-element_type=\"section\" data-e-type=\"section\" data-settings=\"{&quot;rae_animations_entrance&quot;:&quot;none&quot;}\">\n\t\t\t\t\t\t<div class=\"elementor-container elementor-column-gap-default\">\n\t\t\t\t\t<div class=\"elementor-column elementor-col-100 elementor-top-column elementor-element elementor-element-dd6b1aa rael-particle-no\" data-id=\"dd6b1aa\" data-element_type=\"column\" data-e-type=\"column\">\n\t\t\t<div class=\"elementor-widget-wrap elementor-element-populated\">\n\t\t\t\t\t\t<div class=\"elementor-element elementor-element-062b367 elementor-widget elementor-widget-video\" data-id=\"062b367\" data-element_type=\"widget\" data-e-type=\"widget\" data-settings=\"{&quot;youtube_url&quot;:&quot;https:\\\/\\\/www.youtube.com\\\/watch?v=YCUthQQTv1M&quot;,&quot;video_type&quot;:&quot;youtube&quot;,&quot;controls&quot;:&quot;yes&quot;}\" data-widget_type=\"video.default\">\n\t\t\t\t<div class=\"elementor-widget-container\">\n\t\t\t\t\t\t\t<div class=\"elementor-wrapper elementor-open-inline\">\n\t\t\t<div class=\"elementor-video\"><\/div>\t\t<\/div>\n\t\t\t\t\t\t<\/div>\n\t\t\t\t<\/div>\n\t\t\t\t<section class=\"elementor-section elementor-inner-section elementor-element elementor-element-fa73824 elementor-section-boxed elementor-section-height-default elementor-section-height-default rael-particle-no\" data-id=\"fa73824\" data-element_type=\"section\" data-e-type=\"section\" data-settings=\"{&quot;rae_animations_entrance&quot;:&quot;none&quot;}\">\n\t\t\t\t\t\t<div class=\"elementor-container elementor-column-gap-default\">\n\t\t\t\t\t<div class=\"elementor-column elementor-col-100 elementor-inner-column elementor-element elementor-element-f334b84 rael-particle-no\" data-id=\"f334b84\" data-element_type=\"column\" data-e-type=\"column\">\n\t\t\t<div class=\"elementor-widget-wrap elementor-element-populated\">\n\t\t\t\t\t\t<div class=\"elementor-element elementor-element-def55c0 elementor-widget elementor-widget-text-editor\" data-id=\"def55c0\" data-element_type=\"widget\" data-e-type=\"widget\" data-widget_type=\"text-editor.default\">\n\t\t\t\t<div class=\"elementor-widget-container\">\n\t\t\t\t\t\t\t\t\t<p style=\"text-align: center;\">Extrait interview &#8211; L&rsquo;idole du samedi &#8211; Canal Jimmy &#8211; 2001<\/p>\t\t\t\t\t\t\t\t<\/div>\n\t\t\t\t<\/div>\n\t\t\t\t\t<\/div>\n\t\t<\/div>\n\t\t\t\t\t<\/div>\n\t\t<\/section>\n\t\t\t\t\t<\/div>\n\t\t<\/div>\n\t\t\t\t\t<\/div>\n\t\t<\/section>\n\t\t\t\t<\/div>\n\t\t","protected":false},"excerpt":{"rendered":"<p>De Gaston Ghrenassia \u00e0 Enrico Macias Extrait de l&rsquo;\u00e9mission \u00ab\u00a05 colonnes \u00e0 la une\u00a0\u00bb &#8211; ORTF 1962 Le papa du jeune Gaston voulait, avant tout,&nbsp;que son fils fasse des \u00e9tudes&nbsp;pour devenir fonctionnaire. Mais la destin\u00e9e du jeune homme \u00e9tait toute &hellip;<\/p>\n<p class=\"read-more\"> <a class=\"more-link\" href=\"https:\/\/enricomaciasloriental.fr\/WordPress\/carriere\/\"> <span class=\"screen-reader-text\">Carri\u00e8re<\/span> Read More &raquo;<\/a><\/p>\n","protected":false},"author":36,"featured_media":14925,"parent":0,"menu_order":0,"comment_status":"closed","ping_status":"closed","template":"elementor_header_footer","meta":{"footnotes":""},"class_list":["post-14891","page","type-page","status-publish","has-post-thumbnail","hentry"],"yoast_head":"<!-- This site is optimized with the Yoast SEO plugin v27.4 - https:\/\/yoast.com\/product\/yoast-seo-wordpress\/ -->\n<title>Carri\u00e8re - ENRICO MACIAS L&#039;Oriental<\/title>\n<meta name=\"robots\" content=\"index, follow, max-snippet:-1, max-image-preview:large, max-video-preview:-1\" \/>\n<link rel=\"canonical\" href=\"https:\/\/enricomaciasloriental.fr\/WordPress\/carriere\/\" \/>\n<meta property=\"og:locale\" content=\"fr_FR\" \/>\n<meta property=\"og:type\" content=\"article\" \/>\n<meta property=\"og:title\" content=\"Carri\u00e8re - ENRICO MACIAS L&#039;Oriental\" \/>\n<meta property=\"og:description\" content=\"De Gaston Ghrenassia \u00e0 Enrico Macias Extrait de l&rsquo;\u00e9mission \u00ab\u00a05 colonnes \u00e0 la une\u00a0\u00bb &#8211; ORTF 1962 Le papa du jeune Gaston voulait, avant tout,&nbsp;que son fils fasse des \u00e9tudes&nbsp;pour devenir fonctionnaire. Mais la destin\u00e9e du jeune homme \u00e9tait toute &hellip; Carri\u00e8re Read More &raquo;\" \/>\n<meta property=\"og:url\" content=\"https:\/\/enricomaciasloriental.fr\/WordPress\/carriere\/\" \/>\n<meta property=\"og:site_name\" content=\"ENRICO MACIAS L&#039;Oriental\" \/>\n<meta property=\"article:modified_time\" content=\"2020-12-17T20:29:09+00:00\" \/>\n<meta property=\"og:image\" content=\"https:\/\/enricomaciasloriental.fr\/WordPress\/wp-content\/uploads\/\/2020\/12\/mqdefault.jpg\" \/>\n\t<meta property=\"og:image:width\" content=\"320\" \/>\n\t<meta property=\"og:image:height\" content=\"180\" \/>\n\t<meta property=\"og:image:type\" content=\"image\/jpeg\" \/>\n<meta name=\"twitter:card\" content=\"summary_large_image\" \/>\n<meta name=\"twitter:label1\" content=\"Dur\u00e9e de lecture estim\u00e9e\" \/>\n\t<meta name=\"twitter:data1\" content=\"3 minutes\" \/>\n<script type=\"application\/ld+json\" class=\"yoast-schema-graph\">{\"@context\":\"https:\\\/\\\/schema.org\",\"@graph\":[{\"@type\":\"WebPage\",\"@id\":\"https:\\\/\\\/enricomaciasloriental.fr\\\/WordPress\\\/carriere\\\/\",\"url\":\"https:\\\/\\\/enricomaciasloriental.fr\\\/WordPress\\\/carriere\\\/\",\"name\":\"Carri\u00e8re - ENRICO MACIAS L&#039;Oriental\",\"isPartOf\":{\"@id\":\"https:\\\/\\\/enricomaciasloriental.fr\\\/WordPress\\\/#website\"},\"primaryImageOfPage\":{\"@id\":\"https:\\\/\\\/enricomaciasloriental.fr\\\/WordPress\\\/carriere\\\/#primaryimage\"},\"image\":{\"@id\":\"https:\\\/\\\/enricomaciasloriental.fr\\\/WordPress\\\/carriere\\\/#primaryimage\"},\"thumbnailUrl\":\"https:\\\/\\\/enricomaciasloriental.fr\\\/WordPress\\\/wp-content\\\/uploads\\\/\\\/2020\\\/12\\\/mqdefault.jpg\",\"datePublished\":\"2020-12-16T20:19:45+00:00\",\"dateModified\":\"2020-12-17T20:29:09+00:00\",\"breadcrumb\":{\"@id\":\"https:\\\/\\\/enricomaciasloriental.fr\\\/WordPress\\\/carriere\\\/#breadcrumb\"},\"inLanguage\":\"fr-FR\",\"potentialAction\":[{\"@type\":\"ReadAction\",\"target\":[\"https:\\\/\\\/enricomaciasloriental.fr\\\/WordPress\\\/carriere\\\/\"]}]},{\"@type\":\"ImageObject\",\"inLanguage\":\"fr-FR\",\"@id\":\"https:\\\/\\\/enricomaciasloriental.fr\\\/WordPress\\\/carriere\\\/#primaryimage\",\"url\":\"https:\\\/\\\/enricomaciasloriental.fr\\\/WordPress\\\/wp-content\\\/uploads\\\/\\\/2020\\\/12\\\/mqdefault.jpg\",\"contentUrl\":\"https:\\\/\\\/enricomaciasloriental.fr\\\/WordPress\\\/wp-content\\\/uploads\\\/\\\/2020\\\/12\\\/mqdefault.jpg\",\"width\":320,\"height\":180},{\"@type\":\"BreadcrumbList\",\"@id\":\"https:\\\/\\\/enricomaciasloriental.fr\\\/WordPress\\\/carriere\\\/#breadcrumb\",\"itemListElement\":[{\"@type\":\"ListItem\",\"position\":1,\"name\":\"Accueil\",\"item\":\"https:\\\/\\\/enricomaciasloriental.fr\\\/WordPress\\\/\"},{\"@type\":\"ListItem\",\"position\":2,\"name\":\"Carri\u00e8re\"}]},{\"@type\":\"WebSite\",\"@id\":\"https:\\\/\\\/enricomaciasloriental.fr\\\/WordPress\\\/#website\",\"url\":\"https:\\\/\\\/enricomaciasloriental.fr\\\/WordPress\\\/\",\"name\":\"ENRICO MACIAS L'Oriental\",\"description\":\"IL EST COMME LE SOLEIL\",\"publisher\":{\"@id\":\"https:\\\/\\\/enricomaciasloriental.fr\\\/WordPress\\\/#\\\/schema\\\/person\\\/53fba112c6f4f0b335578890a816262e\"},\"potentialAction\":[{\"@type\":\"SearchAction\",\"target\":{\"@type\":\"EntryPoint\",\"urlTemplate\":\"https:\\\/\\\/enricomaciasloriental.fr\\\/WordPress\\\/?s={search_term_string}\"},\"query-input\":{\"@type\":\"PropertyValueSpecification\",\"valueRequired\":true,\"valueName\":\"search_term_string\"}}],\"inLanguage\":\"fr-FR\"},{\"@type\":[\"Person\",\"Organization\"],\"@id\":\"https:\\\/\\\/enricomaciasloriental.fr\\\/WordPress\\\/#\\\/schema\\\/person\\\/53fba112c6f4f0b335578890a816262e\",\"name\":\"Loriental\",\"image\":{\"@type\":\"ImageObject\",\"inLanguage\":\"fr-FR\",\"@id\":\"https:\\\/\\\/enricomaciasloriental.fr\\\/WordPress\\\/wp-content\\\/uploads\\\/\\\/2015\\\/02\\\/cropped-bannier_altaiir-enrico.jpg\",\"url\":\"https:\\\/\\\/enricomaciasloriental.fr\\\/WordPress\\\/wp-content\\\/uploads\\\/\\\/2015\\\/02\\\/cropped-bannier_altaiir-enrico.jpg\",\"contentUrl\":\"https:\\\/\\\/enricomaciasloriental.fr\\\/WordPress\\\/wp-content\\\/uploads\\\/\\\/2015\\\/02\\\/cropped-bannier_altaiir-enrico.jpg\",\"width\":1200,\"height\":150,\"caption\":\"Loriental\"},\"logo\":{\"@id\":\"https:\\\/\\\/enricomaciasloriental.fr\\\/WordPress\\\/wp-content\\\/uploads\\\/\\\/2015\\\/02\\\/cropped-bannier_altaiir-enrico.jpg\"},\"sameAs\":[\"http:\\\/\\\/www.enricomaciasloriental.fr\\\/\"]}]}<\/script>\n<!-- \/ Yoast SEO plugin. -->","yoast_head_json":{"title":"Carri\u00e8re - ENRICO MACIAS L&#039;Oriental","robots":{"index":"index","follow":"follow","max-snippet":"max-snippet:-1","max-image-preview":"max-image-preview:large","max-video-preview":"max-video-preview:-1"},"canonical":"https:\/\/enricomaciasloriental.fr\/WordPress\/carriere\/","og_locale":"fr_FR","og_type":"article","og_title":"Carri\u00e8re - ENRICO MACIAS L&#039;Oriental","og_description":"De Gaston Ghrenassia \u00e0 Enrico Macias Extrait de l&rsquo;\u00e9mission \u00ab\u00a05 colonnes \u00e0 la une\u00a0\u00bb &#8211; ORTF 1962 Le papa du jeune Gaston voulait, avant tout,&nbsp;que son fils fasse des \u00e9tudes&nbsp;pour devenir fonctionnaire. Mais la destin\u00e9e du jeune homme \u00e9tait toute &hellip; Carri\u00e8re Read More &raquo;","og_url":"https:\/\/enricomaciasloriental.fr\/WordPress\/carriere\/","og_site_name":"ENRICO MACIAS L&#039;Oriental","article_modified_time":"2020-12-17T20:29:09+00:00","og_image":[{"width":320,"height":180,"url":"https:\/\/enricomaciasloriental.fr\/WordPress\/wp-content\/uploads\/\/2020\/12\/mqdefault.jpg","type":"image\/jpeg"}],"twitter_card":"summary_large_image","twitter_misc":{"Dur\u00e9e de lecture estim\u00e9e":"3 minutes"},"schema":{"@context":"https:\/\/schema.org","@graph":[{"@type":"WebPage","@id":"https:\/\/enricomaciasloriental.fr\/WordPress\/carriere\/","url":"https:\/\/enricomaciasloriental.fr\/WordPress\/carriere\/","name":"Carri\u00e8re - ENRICO MACIAS L&#039;Oriental","isPartOf":{"@id":"https:\/\/enricomaciasloriental.fr\/WordPress\/#website"},"primaryImageOfPage":{"@id":"https:\/\/enricomaciasloriental.fr\/WordPress\/carriere\/#primaryimage"},"image":{"@id":"https:\/\/enricomaciasloriental.fr\/WordPress\/carriere\/#primaryimage"},"thumbnailUrl":"https:\/\/enricomaciasloriental.fr\/WordPress\/wp-content\/uploads\/\/2020\/12\/mqdefault.jpg","datePublished":"2020-12-16T20:19:45+00:00","dateModified":"2020-12-17T20:29:09+00:00","breadcrumb":{"@id":"https:\/\/enricomaciasloriental.fr\/WordPress\/carriere\/#breadcrumb"},"inLanguage":"fr-FR","potentialAction":[{"@type":"ReadAction","target":["https:\/\/enricomaciasloriental.fr\/WordPress\/carriere\/"]}]},{"@type":"ImageObject","inLanguage":"fr-FR","@id":"https:\/\/enricomaciasloriental.fr\/WordPress\/carriere\/#primaryimage","url":"https:\/\/enricomaciasloriental.fr\/WordPress\/wp-content\/uploads\/\/2020\/12\/mqdefault.jpg","contentUrl":"https:\/\/enricomaciasloriental.fr\/WordPress\/wp-content\/uploads\/\/2020\/12\/mqdefault.jpg","width":320,"height":180},{"@type":"BreadcrumbList","@id":"https:\/\/enricomaciasloriental.fr\/WordPress\/carriere\/#breadcrumb","itemListElement":[{"@type":"ListItem","position":1,"name":"Accueil","item":"https:\/\/enricomaciasloriental.fr\/WordPress\/"},{"@type":"ListItem","position":2,"name":"Carri\u00e8re"}]},{"@type":"WebSite","@id":"https:\/\/enricomaciasloriental.fr\/WordPress\/#website","url":"https:\/\/enricomaciasloriental.fr\/WordPress\/","name":"ENRICO MACIAS L'Oriental","description":"IL EST COMME LE SOLEIL","publisher":{"@id":"https:\/\/enricomaciasloriental.fr\/WordPress\/#\/schema\/person\/53fba112c6f4f0b335578890a816262e"},"potentialAction":[{"@type":"SearchAction","target":{"@type":"EntryPoint","urlTemplate":"https:\/\/enricomaciasloriental.fr\/WordPress\/?s={search_term_string}"},"query-input":{"@type":"PropertyValueSpecification","valueRequired":true,"valueName":"search_term_string"}}],"inLanguage":"fr-FR"},{"@type":["Person","Organization"],"@id":"https:\/\/enricomaciasloriental.fr\/WordPress\/#\/schema\/person\/53fba112c6f4f0b335578890a816262e","name":"Loriental","image":{"@type":"ImageObject","inLanguage":"fr-FR","@id":"https:\/\/enricomaciasloriental.fr\/WordPress\/wp-content\/uploads\/\/2015\/02\/cropped-bannier_altaiir-enrico.jpg","url":"https:\/\/enricomaciasloriental.fr\/WordPress\/wp-content\/uploads\/\/2015\/02\/cropped-bannier_altaiir-enrico.jpg","contentUrl":"https:\/\/enricomaciasloriental.fr\/WordPress\/wp-content\/uploads\/\/2015\/02\/cropped-bannier_altaiir-enrico.jpg","width":1200,"height":150,"caption":"Loriental"},"logo":{"@id":"https:\/\/enricomaciasloriental.fr\/WordPress\/wp-content\/uploads\/\/2015\/02\/cropped-bannier_altaiir-enrico.jpg"},"sameAs":["http:\/\/www.enricomaciasloriental.fr\/"]}]}},"featured_image_src":"https:\/\/enricomaciasloriental.fr\/WordPress\/wp-content\/uploads\/\/2020\/12\/mqdefault.jpg","featured_image_src_square":"https:\/\/enricomaciasloriental.fr\/WordPress\/wp-content\/uploads\/\/2020\/12\/mqdefault.jpg","rbea_author_info":{"display_name":"Loriental","author_link":"https:\/\/enricomaciasloriental.fr\/WordPress\/author\/admin9234\/"},"rbea_excerpt_info":"De Gaston Ghrenassia \u00e0 Enrico Macias Extrait de l&rsquo;\u00e9mission \u00ab\u00a05 colonnes \u00e0 la une\u00a0\u00bb &#8211; ORTF 1962 Le papa du jeune Gaston voulait, avant tout,&nbsp;que son fils fasse des \u00e9tudes&nbsp;pour devenir fonctionnaire. Mais la destin\u00e9e du jeune homme \u00e9tait toute &hellip;<p class=\"read-more\"> <a class=\"more-link\" href=\"https:\/\/enricomaciasloriental.fr\/WordPress\/carriere\/\"> <span class=\"screen-reader-text\">Carri\u00e8re<\/span> Read More &raquo;<\/a><\/p>","_links":{"self":[{"href":"https:\/\/enricomaciasloriental.fr\/WordPress\/wp-json\/wp\/v2\/pages\/14891","targetHints":{"allow":["GET"]}}],"collection":[{"href":"https:\/\/enricomaciasloriental.fr\/WordPress\/wp-json\/wp\/v2\/pages"}],"about":[{"href":"https:\/\/enricomaciasloriental.fr\/WordPress\/wp-json\/wp\/v2\/types\/page"}],"author":[{"embeddable":true,"href":"https:\/\/enricomaciasloriental.fr\/WordPress\/wp-json\/wp\/v2\/users\/36"}],"replies":[{"embeddable":true,"href":"https:\/\/enricomaciasloriental.fr\/WordPress\/wp-json\/wp\/v2\/comments?post=14891"}],"version-history":[{"count":0,"href":"https:\/\/enricomaciasloriental.fr\/WordPress\/wp-json\/wp\/v2\/pages\/14891\/revisions"}],"wp:featuredmedia":[{"embeddable":true,"href":"https:\/\/enricomaciasloriental.fr\/WordPress\/wp-json\/wp\/v2\/media\/14925"}],"wp:attachment":[{"href":"https:\/\/enricomaciasloriental.fr\/WordPress\/wp-json\/wp\/v2\/media?parent=14891"}],"curies":[{"name":"wp","href":"https:\/\/api.w.org\/{rel}","templated":true}]}}