{"id":2,"date":"2010-04-22T14:55:24","date_gmt":"2010-04-22T14:55:24","guid":{"rendered":"http:\/\/enricomaciasloriental.fr\/WordPress\/\/?page_id=2"},"modified":"2020-11-16T16:19:31","modified_gmt":"2020-11-16T15:19:31","slug":"about","status":"publish","type":"page","link":"https:\/\/enricomaciasloriental.fr\/WordPress\/about\/","title":{"rendered":"Qui sommes nous"},"content":{"rendered":"<h4 style=\"text-align: left;\"><\/h4>\n<h3 style=\"text-align: center;\"><span style=\"color: #ffffff;\">[flv]\u00a0<span style=\"color: #c0c0c0;\">Ce blog, \u00ab\u00a0enricomaciasloriental\u00a0\u00bb, comme le site<\/span><\/span><\/h3>\n<h3 style=\"text-align: center;\"><a href=\"http:\/\/www.enricomaciasloriental.fr\/\" target=\"_blank\" rel=\"noopener noreferrer\"><span style=\"color: #ff0000;\">www.<\/span><span style=\"color: #ff0000;\">enricomaciasloriental.fr\u00a0<\/span><\/a><\/h3>\n<h3 style=\"text-align: center;\"><span style=\"color: #c0c0c0;\">\u00a0s&rsquo;adresse \u00e0 tous les amoureux et passionn\u00e9s de l&rsquo;artiste et homme de coeur qu&rsquo;est<\/span><\/h3>\n<h3 style=\"text-align: center;\"><span style=\"color: #c0c0c0;\">\u00a0\u00a0<span style=\"color: #ff0000;\">ENRICO MACIAS<\/span>\u00a0<\/span><\/h3>\n<h3 style=\"text-align: center;\"><span style=\"color: #c0c0c0;\">\u00a0L&rsquo;image de la Paix, de la G\u00e9n\u00e9rosit\u00e9, de la Tol\u00e9rance, de l&rsquo;Amour et du Partage, pour toute notre \u00e9quipe, ne porte qu&rsquo;un seul nom\u00a0<\/span><\/h3>\n<h3 style=\"text-align: center;\"><span style=\"color: #ff0000;\">ENRICO MACIAS\u00a0<\/span><\/h3>\n<h3 style=\"text-align: center;\"><span style=\"color: #c0c0c0;\">\u00a0<\/span><\/h3>\n<h3 style=\"text-align: center;\"><span style=\"color: #c0c0c0;\">Nous souhaitons partager avec vous notre passion pour notre chanteur pr\u00e9f\u00e9r\u00e9 et vous permettre de le connaitre comme nous le connaissons<\/span><\/h3>\n<h3 style=\"text-align: center;\"><span style=\"color: #c0c0c0;\">Ce blog \u00e9voluera au fur et \u00e0 mesure du temps. Rien n&rsquo;est fig\u00e9. Votre avis, vos suggestions, vos contributions peut \u00eatre, nous int\u00e9ressent. N&rsquo;h\u00e9sitez pas \u00e0 nous contacter<\/span><\/h3>\n<h3 style=\"text-align: center;\"><span style=\"color: #c0c0c0;\">Par contre, tout commentaire politique, diffamatoire, ou intentant \u00e0 la vie priv\u00e9e d&rsquo;Enrico Macias, tout propos raciste ou x\u00e9nophobe sera supprim\u00e9 sans pr\u00e9avis.<\/span><\/h3>\n<h3 style=\"text-align: center;\"><\/h3>\n<h4 style=\"text-align: center;\"><span style=\"color: #c0c0c0;\">\u00a0<\/span><\/h4>\n<p><span style=\"color: #000000;\">\u00a0<\/span><\/p>\n","protected":false},"excerpt":{"rendered":"<p>[flv]\u00a0Ce blog, \u00ab\u00a0enricomaciasloriental\u00a0\u00bb, comme le site www.enricomaciasloriental.fr\u00a0 \u00a0s&rsquo;adresse \u00e0 tous les amoureux et passionn\u00e9s de l&rsquo;artiste et homme de coeur qu&rsquo;est \u00a0\u00a0ENRICO MACIAS\u00a0 \u00a0L&rsquo;image de la Paix, de la G\u00e9n\u00e9rosit\u00e9, de la Tol\u00e9rance, de l&rsquo;Amour et du Partage, pour toute &hellip;<\/p>\n<p class=\"read-more\"> <a class=\"more-link\" href=\"https:\/\/enricomaciasloriental.fr\/WordPress\/about\/\"> <span class=\"screen-reader-text\">Qui sommes nous<\/span> Read More &raquo;<\/a><\/p>\n","protected":false},"author":36,"featured_media":0,"parent":0,"menu_order":0,"comment_status":"open","ping_status":"open","template":"","meta":{"footnotes":""},"class_list":["post-2","page","type-page","status-publish","hentry"],"yoast_head":"<!-- This site is optimized with the Yoast SEO plugin v27.4 - https:\/\/yoast.com\/product\/yoast-seo-wordpress\/ -->\n<title>Qui sommes nous - ENRICO MACIAS L&#039;Oriental<\/title>\n<meta name=\"robots\" content=\"index, follow, max-snippet:-1, max-image-preview:large, max-video-preview:-1\" \/>\n<link rel=\"canonical\" href=\"https:\/\/enricomaciasloriental.fr\/WordPress\/about\/\" \/>\n<meta property=\"og:locale\" content=\"fr_FR\" \/>\n<meta property=\"og:type\" content=\"article\" \/>\n<meta property=\"og:title\" content=\"Qui sommes nous - ENRICO MACIAS L&#039;Oriental\" \/>\n<meta property=\"og:description\" content=\"[flv]\u00a0Ce blog, \u00ab\u00a0enricomaciasloriental\u00a0\u00bb, comme le site www.enricomaciasloriental.fr\u00a0 \u00a0s&rsquo;adresse \u00e0 tous les amoureux et passionn\u00e9s de l&rsquo;artiste et homme de coeur qu&rsquo;est \u00a0\u00a0ENRICO MACIAS\u00a0 \u00a0L&rsquo;image de la Paix, de la G\u00e9n\u00e9rosit\u00e9, de la Tol\u00e9rance, de l&rsquo;Amour et du Partage, pour toute &hellip; Qui sommes nous Read More &raquo;\" \/>\n<meta property=\"og:url\" content=\"https:\/\/enricomaciasloriental.fr\/WordPress\/about\/\" \/>\n<meta property=\"og:site_name\" content=\"ENRICO MACIAS L&#039;Oriental\" \/>\n<meta property=\"article:modified_time\" content=\"2020-11-16T15:19:31+00:00\" \/>\n<meta property=\"og:image\" content=\"https:\/\/enricomaciasloriental.fr\/WordPress\/wp-content\/uploads\/\/2019\/02\/article-902.jpg\" \/>\n\t<meta property=\"og:image:width\" content=\"700\" \/>\n\t<meta property=\"og:image:height\" content=\"497\" \/>\n\t<meta property=\"og:image:type\" content=\"image\/jpeg\" \/>\n<meta name=\"twitter:card\" content=\"summary_large_image\" \/>\n<meta name=\"twitter:label1\" content=\"Dur\u00e9e de lecture estim\u00e9e\" \/>\n\t<meta name=\"twitter:data1\" content=\"1 minute\" \/>\n<script type=\"application\/ld+json\" class=\"yoast-schema-graph\">{\"@context\":\"https:\\\/\\\/schema.org\",\"@graph\":[{\"@type\":\"WebPage\",\"@id\":\"https:\\\/\\\/enricomaciasloriental.fr\\\/WordPress\\\/about\\\/\",\"url\":\"https:\\\/\\\/enricomaciasloriental.fr\\\/WordPress\\\/about\\\/\",\"name\":\"Qui sommes nous - ENRICO MACIAS L&#039;Oriental\",\"isPartOf\":{\"@id\":\"https:\\\/\\\/enricomaciasloriental.fr\\\/WordPress\\\/#website\"},\"datePublished\":\"2010-04-22T14:55:24+00:00\",\"dateModified\":\"2020-11-16T15:19:31+00:00\",\"breadcrumb\":{\"@id\":\"https:\\\/\\\/enricomaciasloriental.fr\\\/WordPress\\\/about\\\/#breadcrumb\"},\"inLanguage\":\"fr-FR\",\"potentialAction\":[{\"@type\":\"ReadAction\",\"target\":[\"https:\\\/\\\/enricomaciasloriental.fr\\\/WordPress\\\/about\\\/\"]}]},{\"@type\":\"BreadcrumbList\",\"@id\":\"https:\\\/\\\/enricomaciasloriental.fr\\\/WordPress\\\/about\\\/#breadcrumb\",\"itemListElement\":[{\"@type\":\"ListItem\",\"position\":1,\"name\":\"Accueil\",\"item\":\"https:\\\/\\\/enricomaciasloriental.fr\\\/WordPress\\\/\"},{\"@type\":\"ListItem\",\"position\":2,\"name\":\"Qui sommes nous\"}]},{\"@type\":\"WebSite\",\"@id\":\"https:\\\/\\\/enricomaciasloriental.fr\\\/WordPress\\\/#website\",\"url\":\"https:\\\/\\\/enricomaciasloriental.fr\\\/WordPress\\\/\",\"name\":\"ENRICO MACIAS L'Oriental\",\"description\":\"IL EST COMME LE SOLEIL\",\"publisher\":{\"@id\":\"https:\\\/\\\/enricomaciasloriental.fr\\\/WordPress\\\/#\\\/schema\\\/person\\\/53fba112c6f4f0b335578890a816262e\"},\"potentialAction\":[{\"@type\":\"SearchAction\",\"target\":{\"@type\":\"EntryPoint\",\"urlTemplate\":\"https:\\\/\\\/enricomaciasloriental.fr\\\/WordPress\\\/?s={search_term_string}\"},\"query-input\":{\"@type\":\"PropertyValueSpecification\",\"valueRequired\":true,\"valueName\":\"search_term_string\"}}],\"inLanguage\":\"fr-FR\"},{\"@type\":[\"Person\",\"Organization\"],\"@id\":\"https:\\\/\\\/enricomaciasloriental.fr\\\/WordPress\\\/#\\\/schema\\\/person\\\/53fba112c6f4f0b335578890a816262e\",\"name\":\"Loriental\",\"image\":{\"@type\":\"ImageObject\",\"inLanguage\":\"fr-FR\",\"@id\":\"https:\\\/\\\/enricomaciasloriental.fr\\\/WordPress\\\/wp-content\\\/uploads\\\/\\\/2015\\\/02\\\/cropped-bannier_altaiir-enrico.jpg\",\"url\":\"https:\\\/\\\/enricomaciasloriental.fr\\\/WordPress\\\/wp-content\\\/uploads\\\/\\\/2015\\\/02\\\/cropped-bannier_altaiir-enrico.jpg\",\"contentUrl\":\"https:\\\/\\\/enricomaciasloriental.fr\\\/WordPress\\\/wp-content\\\/uploads\\\/\\\/2015\\\/02\\\/cropped-bannier_altaiir-enrico.jpg\",\"width\":1200,\"height\":150,\"caption\":\"Loriental\"},\"logo\":{\"@id\":\"https:\\\/\\\/enricomaciasloriental.fr\\\/WordPress\\\/wp-content\\\/uploads\\\/\\\/2015\\\/02\\\/cropped-bannier_altaiir-enrico.jpg\"},\"sameAs\":[\"http:\\\/\\\/www.enricomaciasloriental.fr\\\/\"]}]}<\/script>\n<!-- \/ Yoast SEO plugin. -->","yoast_head_json":{"title":"Qui sommes nous - ENRICO MACIAS L&#039;Oriental","robots":{"index":"index","follow":"follow","max-snippet":"max-snippet:-1","max-image-preview":"max-image-preview:large","max-video-preview":"max-video-preview:-1"},"canonical":"https:\/\/enricomaciasloriental.fr\/WordPress\/about\/","og_locale":"fr_FR","og_type":"article","og_title":"Qui sommes nous - ENRICO MACIAS L&#039;Oriental","og_description":"[flv]\u00a0Ce blog, \u00ab\u00a0enricomaciasloriental\u00a0\u00bb, comme le site www.enricomaciasloriental.fr\u00a0 \u00a0s&rsquo;adresse \u00e0 tous les amoureux et passionn\u00e9s de l&rsquo;artiste et homme de coeur qu&rsquo;est \u00a0\u00a0ENRICO MACIAS\u00a0 \u00a0L&rsquo;image de la Paix, de la G\u00e9n\u00e9rosit\u00e9, de la Tol\u00e9rance, de l&rsquo;Amour et du Partage, pour toute &hellip; Qui sommes nous Read More &raquo;","og_url":"https:\/\/enricomaciasloriental.fr\/WordPress\/about\/","og_site_name":"ENRICO MACIAS L&#039;Oriental","article_modified_time":"2020-11-16T15:19:31+00:00","og_image":[{"width":700,"height":497,"url":"https:\/\/enricomaciasloriental.fr\/WordPress\/wp-content\/uploads\/\/2019\/02\/article-902.jpg","type":"image\/jpeg"}],"twitter_card":"summary_large_image","twitter_misc":{"Dur\u00e9e de lecture estim\u00e9e":"1 minute"},"schema":{"@context":"https:\/\/schema.org","@graph":[{"@type":"WebPage","@id":"https:\/\/enricomaciasloriental.fr\/WordPress\/about\/","url":"https:\/\/enricomaciasloriental.fr\/WordPress\/about\/","name":"Qui sommes nous - ENRICO MACIAS L&#039;Oriental","isPartOf":{"@id":"https:\/\/enricomaciasloriental.fr\/WordPress\/#website"},"datePublished":"2010-04-22T14:55:24+00:00","dateModified":"2020-11-16T15:19:31+00:00","breadcrumb":{"@id":"https:\/\/enricomaciasloriental.fr\/WordPress\/about\/#breadcrumb"},"inLanguage":"fr-FR","potentialAction":[{"@type":"ReadAction","target":["https:\/\/enricomaciasloriental.fr\/WordPress\/about\/"]}]},{"@type":"BreadcrumbList","@id":"https:\/\/enricomaciasloriental.fr\/WordPress\/about\/#breadcrumb","itemListElement":[{"@type":"ListItem","position":1,"name":"Accueil","item":"https:\/\/enricomaciasloriental.fr\/WordPress\/"},{"@type":"ListItem","position":2,"name":"Qui sommes nous"}]},{"@type":"WebSite","@id":"https:\/\/enricomaciasloriental.fr\/WordPress\/#website","url":"https:\/\/enricomaciasloriental.fr\/WordPress\/","name":"ENRICO MACIAS L'Oriental","description":"IL EST COMME LE SOLEIL","publisher":{"@id":"https:\/\/enricomaciasloriental.fr\/WordPress\/#\/schema\/person\/53fba112c6f4f0b335578890a816262e"},"potentialAction":[{"@type":"SearchAction","target":{"@type":"EntryPoint","urlTemplate":"https:\/\/enricomaciasloriental.fr\/WordPress\/?s={search_term_string}"},"query-input":{"@type":"PropertyValueSpecification","valueRequired":true,"valueName":"search_term_string"}}],"inLanguage":"fr-FR"},{"@type":["Person","Organization"],"@id":"https:\/\/enricomaciasloriental.fr\/WordPress\/#\/schema\/person\/53fba112c6f4f0b335578890a816262e","name":"Loriental","image":{"@type":"ImageObject","inLanguage":"fr-FR","@id":"https:\/\/enricomaciasloriental.fr\/WordPress\/wp-content\/uploads\/\/2015\/02\/cropped-bannier_altaiir-enrico.jpg","url":"https:\/\/enricomaciasloriental.fr\/WordPress\/wp-content\/uploads\/\/2015\/02\/cropped-bannier_altaiir-enrico.jpg","contentUrl":"https:\/\/enricomaciasloriental.fr\/WordPress\/wp-content\/uploads\/\/2015\/02\/cropped-bannier_altaiir-enrico.jpg","width":1200,"height":150,"caption":"Loriental"},"logo":{"@id":"https:\/\/enricomaciasloriental.fr\/WordPress\/wp-content\/uploads\/\/2015\/02\/cropped-bannier_altaiir-enrico.jpg"},"sameAs":["http:\/\/www.enricomaciasloriental.fr\/"]}]}},"featured_image_src":"","featured_image_src_square":false,"rbea_author_info":{"display_name":"Loriental","author_link":"https:\/\/enricomaciasloriental.fr\/WordPress\/author\/admin9234\/"},"rbea_excerpt_info":"[flv]\u00a0Ce blog, \u00ab\u00a0enricomaciasloriental\u00a0\u00bb, comme le site www.enricomaciasloriental.fr\u00a0 \u00a0s&rsquo;adresse \u00e0 tous les amoureux et passionn\u00e9s de l&rsquo;artiste et homme de coeur qu&rsquo;est \u00a0\u00a0ENRICO MACIAS\u00a0 \u00a0L&rsquo;image de la Paix, de la G\u00e9n\u00e9rosit\u00e9, de la Tol\u00e9rance, de l&rsquo;Amour et du Partage, pour toute &hellip;<p class=\"read-more\"> <a class=\"more-link\" href=\"https:\/\/enricomaciasloriental.fr\/WordPress\/about\/\"> <span class=\"screen-reader-text\">Qui sommes nous<\/span> Read More &raquo;<\/a><\/p>","_links":{"self":[{"href":"https:\/\/enricomaciasloriental.fr\/WordPress\/wp-json\/wp\/v2\/pages\/2","targetHints":{"allow":["GET"]}}],"collection":[{"href":"https:\/\/enricomaciasloriental.fr\/WordPress\/wp-json\/wp\/v2\/pages"}],"about":[{"href":"https:\/\/enricomaciasloriental.fr\/WordPress\/wp-json\/wp\/v2\/types\/page"}],"author":[{"embeddable":true,"href":"https:\/\/enricomaciasloriental.fr\/WordPress\/wp-json\/wp\/v2\/users\/36"}],"replies":[{"embeddable":true,"href":"https:\/\/enricomaciasloriental.fr\/WordPress\/wp-json\/wp\/v2\/comments?post=2"}],"version-history":[{"count":0,"href":"https:\/\/enricomaciasloriental.fr\/WordPress\/wp-json\/wp\/v2\/pages\/2\/revisions"}],"wp:attachment":[{"href":"https:\/\/enricomaciasloriental.fr\/WordPress\/wp-json\/wp\/v2\/media?parent=2"}],"curies":[{"name":"wp","href":"https:\/\/api.w.org\/{rel}","templated":true}]}}